{"id":6642,"date":"2016-09-13T08:27:02","date_gmt":"2016-09-13T06:27:02","guid":{"rendered":"https:\/\/www.lacasellamontalcino.com\/contacts\/"},"modified":"2025-07-14T10:37:20","modified_gmt":"2025-07-14T08:37:20","slug":"kontakte","status":"publish","type":"page","link":"https:\/\/www.lacasellamontalcino.com\/de\/kontakte\/","title":{"rendered":"Kontakte"},"content":{"rendered":"<section class=\"wpb-content-wrapper\"><p>[vc_section css=&#8220;.vc_custom_1714987110681{margin-top: -100px !important;}&#8220;][vc_row][vc_column][vc_empty_space][vc_raw_html css=&#8220;.vc_custom_1697727660927{margin-top: 0px !important;margin-bottom: 0px !important;padding-top: 0px !important;padding-bottom: 0px !important;}&#8220;]JTNDaWZyYW1lJTIwc3JjJTNEJTIyaHR0cHMlM0ElMkYlMkZ3d3cuZ29vZ2xlLmNvbSUyRm1hcHMlMkZlbWJlZCUzRnBiJTNEJTIxMW0xOCUyMTFtMTIlMjExbTMlMjExZDIyMTMuMzU2NzQ3MTMyMTY3NiUyMTJkMTEuNDkzMTg2ODc3NTg2ODE3JTIxM2Q0My4wNTUwMjIwNTU0MDM0NyUyMTJtMyUyMTFmMCUyMTJmMCUyMTNmMCUyMTNtMiUyMTFpMTAyNCUyMTJpNzY4JTIxNGYxMy4xJTIxM20zJTIxMW0yJTIxMXMweDEzMjk3MDc2YThkMGM2MWQlMjUzQTB4YTBlMGZlNzE4MjJlYzk4JTIxMnNBZ3JpdHVyaXNtbyUyNTIwbGElMjUyMENhc2VsbGElMjE1ZTElMjEzbTIlMjExc2l0JTIxMnNpdCUyMTR2MTY5NzcxMTQ5NzQzOCUyMTVtMiUyMTFzaXQlMjEyc2l0JTIyJTIwd2lkdGglM0QlMjIxMDAlMjUlMjIlMjBoZWlnaHQlM0QlMjI2NTAlMjIlMjBzdHlsZSUzRCUyMmJvcmRlciUzQTAlM0IlMjIlMjBhbGxvd2Z1bGxzY3JlZW4lM0QlMjIlMjIlMjBsb2FkaW5nJTNEJTIybGF6eSUyMiUyMHJlZmVycmVycG9saWN5JTNEJTIybm8tcmVmZXJyZXItd2hlbi1kb3duZ3JhZGUlMjIlM0UlM0MlMkZpZnJhbWUlM0U=[\/vc_raw_html][vc_empty_space height=&#8220;50px&#8220;][vc_row_inner][vc_column_inner width=&#8220;1\/4&#8243;][vc_btn title=&#8220;EMAIL&#8220; align=&#8220;center&#8220; link=&#8220;url:mailto%3Ainfo%40lacasellamontalcino.com|target:_blank&#8220;][\/vc_column_inner][vc_column_inner width=&#8220;1\/4&#8243;][vc_btn title=&#8220;TELEFON&#8220; align=&#8220;center&#8220; link=&#8220;url:tel%3A%2B393483530320|target:_blank&#8220;][\/vc_column_inner][vc_column_inner width=&#8220;1\/4&#8243;][vc_btn title=&#8220;FAX&#8220; align=&#8220;center&#8220; link=&#8220;url:tel%3A0577573750|target:_blank&#8220;][\/vc_column_inner][vc_column_inner width=&#8220;1\/4&#8243;][vc_btn title=&#8220;ADDRESSE&#8220; align=&#8220;center&#8220; link=&#8220;url:https%3A%2F%2Fmaps.app.goo.gl%2FWF51MKE9xEar7p4q9|target:_blank&#8220;][\/vc_column_inner][\/vc_row_inner][vc_empty_space height=&#8220;100px&#8220;][vc_column_text]<strong><span class=\"s1\">WIE SIE UNS ERREICHEN<\/span><\/strong><\/p>\n<p><span class=\"s1\">N\u00e4chstliegender Flughafen: Flughafen Florenz oder Flughafen Perugia<\/span><\/p>\n<p><span class=\"s1\">N\u00e4chstgelegene Bahnh\u00f6fe: Buonconvento, Grosseto und Siena <\/span><\/p>\n<p><span class=\"s1\">Mit dem Auto:<\/span><\/p>\n<ul>\n<li><span class=\"s1\">Von Rom: Nehmen Sie die A1 in Richtung E35 Florenz und fahren Sie bei Chiusi Chianciano Terme ab. Folgen Sie der Beschilderung nach Siena und\/oder Pienza. <\/span><span class=\"s1\">In Pienza angekommen, biegen Sie in Richtung San Quirico D&#8217;Orcia ab und folgen der Beschilderung nach Montalcino. Am Kreisverkehr, in der N\u00e4he einer Tankstelle auf der rechten Seite, nehmen Sie die zweite Ausfahrt auf die Via Traversa dei Monti und biegen nach etwa 700 m rechts auf einen unbefestigten Nebenweg ab, der zum Agriturismo f\u00fchrt.<\/span><\/li>\n<li>Von Florenz: Nehmen Sie die Autobahnverbindung Florenz-Siena in Richtung Strada di Apollinare in Siena. Verlassen Sie die SS674 in Siena Sud und folgen Sie der Beschilderung nach Montalcino. Am Kreisverkehr, in der N\u00e4he einer Tankstelle auf der rechten Seite, nehmen Sie die zweite Ausfahrt auf die Via Traversa dei Monti und biegen nach etwa 700 m rechts auf einen unbefestigten Nebenweg ab, der zum Agriturismo f\u00fchrt.<\/li>\n<\/ul>\n<p>[\/vc_column_text][\/vc_column][\/vc_row][\/vc_section]<\/p>\n<\/section>","protected":false},"excerpt":{"rendered":"<p>[vc_section css=&#8220;.vc_custom_1714987110681{margin-top: -100px !important;}&#8220;][vc_row][vc_column][vc_empty_space][vc_raw_html css=&#8220;.vc_custom_1697727660927{margin-top: 0px !important;margin-bottom: 0px !important;padding-top: 0px !important;padding-bottom: 0px !important;}&#8220;]JTNDaWZyYW1lJTIwc3JjJTNEJTIyaHR0cHMlM0ElMkYlMkZ3d3cuZ29vZ2xlLmNvbSUyRm1hcHMlMkZlbWJlZCUzRnBiJTNEJTIxMW0xOCUyMTFtMTIlMjExbTMlMjExZDIyMTMuMzU2NzQ3MTMyMTY3NiUyMTJkMTEuNDkzMTg2ODc3NTg2ODE3JTIxM2Q0My4wNTUwMjIwNTU0MDM0NyUyMTJtMyUyMTFmMCUyMTJmMCUyMTNmMCUyMTNtMiUyMTFpMTAyNCUyMTJpNzY4JTIxNGYxMy4xJTIxM20zJTIxMW0yJTIxMXMweDEzMjk3MDc2YThkMGM2MWQlMjUzQTB4YTBlMGZlNzE4MjJlYzk4JTIxMnNBZ3JpdHVyaXNtbyUyNTIwbGElMjUyMENhc2VsbGElMjE1ZTElMjEzbTIlMjExc2l0JTIxMnNpdCUyMTR2MTY5NzcxMTQ5NzQzOCUyMTVtMiUyMTFzaXQlMjEyc2l0JTIyJTIwd2lkdGglM0QlMjIxMDAlMjUlMjIlMjBoZWlnaHQlM0QlMjI2NTAlMjIlMjBzdHlsZSUzRCUyMmJvcmRlciUzQTAlM0IlMjIlMjBhbGxvd2Z1bGxzY3JlZW4lM0QlMjIlMjIlMjBsb2FkaW5nJTNEJTIybGF6eSUyMiUyMHJlZmVycmVycG9saWN5JTNEJTIybm8tcmVmZXJyZXItd2hlbi1kb3duZ3JhZGUlMjIlM0UlM0MlMkZpZnJhbWUlM0U=[\/vc_raw_html][vc_empty_space height=&#8220;50px&#8220;][vc_row_inner][vc_column_inner width=&#8220;1\/4&#8243;][vc_btn title=&#8220;EMAIL&#8220; align=&#8220;center&#8220; link=&#8220;url:mailto%3Ainfo%40lacasellamontalcino.com|target:_blank&#8220;][\/vc_column_inner][vc_column_inner width=&#8220;1\/4&#8243;][vc_btn title=&#8220;TELEFON&#8220; align=&#8220;center&#8220; link=&#8220;url:tel%3A%2B393483530320|target:_blank&#8220;][\/vc_column_inner][vc_column_inner width=&#8220;1\/4&#8243;][vc_btn title=&#8220;FAX&#8220; align=&#8220;center&#8220; link=&#8220;url:tel%3A0577573750|target:_blank&#8220;][\/vc_column_inner][vc_column_inner width=&#8220;1\/4&#8243;][vc_btn title=&#8220;ADDRESSE&#8220; align=&#8220;center&#8220; link=&#8220;url:https%3A%2F%2Fmaps.app.goo.gl%2FWF51MKE9xEar7p4q9|target:_blank&#8220;][\/vc_column_inner][\/vc_row_inner][vc_empty_space height=&#8220;100px&#8220;][vc_column_text]WIE SIE UNS ERREICHEN N\u00e4chstliegender Flughafen: Flughafen Florenz oder Flughafen Perugia N\u00e4chstgelegene Bahnh\u00f6fe: Buonconvento, Grosseto und Siena Mit dem Auto: Von Rom: Nehmen Sie die<br class=\"read-more-spacer\"> <a class=\"more-link\" href=\"https:\/\/www.lacasellamontalcino.com\/de\/kontakte\/\">Read More<\/a><\/p>\n","protected":false},"author":1,"featured_media":0,"parent":0,"menu_order":0,"comment_status":"closed","ping_status":"closed","template":"theme-templates\/contact.php","meta":{"footnotes":""},"acf":[],"_links":{"self":[{"href":"https:\/\/www.lacasellamontalcino.com\/de\/wp-json\/wp\/v2\/pages\/6642"}],"collection":[{"href":"https:\/\/www.lacasellamontalcino.com\/de\/wp-json\/wp\/v2\/pages"}],"about":[{"href":"https:\/\/www.lacasellamontalcino.com\/de\/wp-json\/wp\/v2\/types\/page"}],"author":[{"embeddable":true,"href":"https:\/\/www.lacasellamontalcino.com\/de\/wp-json\/wp\/v2\/users\/1"}],"replies":[{"embeddable":true,"href":"https:\/\/www.lacasellamontalcino.com\/de\/wp-json\/wp\/v2\/comments?post=6642"}],"version-history":[{"count":3,"href":"https:\/\/www.lacasellamontalcino.com\/de\/wp-json\/wp\/v2\/pages\/6642\/revisions"}],"predecessor-version":[{"id":7172,"href":"https:\/\/www.lacasellamontalcino.com\/de\/wp-json\/wp\/v2\/pages\/6642\/revisions\/7172"}],"wp:attachment":[{"href":"https:\/\/www.lacasellamontalcino.com\/de\/wp-json\/wp\/v2\/media?parent=6642"}],"curies":[{"name":"wp","href":"https:\/\/api.w.org\/{rel}","templated":true}]}}