{"id":6575,"date":"2024-05-31T19:12:50","date_gmt":"2024-05-31T17:12:50","guid":{"rendered":"https:\/\/www.lacasellamontalcino.com\/attivita-nuovo\/"},"modified":"2024-12-20T14:59:33","modified_gmt":"2024-12-20T13:59:33","slug":"aktivitaeten","status":"publish","type":"page","link":"https:\/\/www.lacasellamontalcino.com\/de\/aktivitaeten\/","title":{"rendered":"Aktivit\u00e4ten"},"content":{"rendered":"<section class=\"wpb-content-wrapper\"><p>[vc_row full_width=&#8220;stretch_row&#8220; css=&#8220;.vc_custom_1701860154091{background-color: #f1f1f1 !important;}&#8220;][vc_column css=&#8220;.vc_custom_1701860145799{background-color: #f1f1f1 !important;}&#8220;][vc_empty_space height=&#8220;15px&#8220;][vc_row_inner equal_height=&#8220;yes&#8220; content_placement=&#8220;middle&#8220; css=&#8220;.vc_custom_1716397904819{margin-top: 0px !important;margin-right: 35px !important;margin-bottom: 35px !important;margin-left: 35px !important;}&#8220;][vc_column_inner el_class=&#8220;mobile-padding-img-1&#8243; width=&#8220;1\/2&#8243; css=&#8220;.vc_custom_1716397546644{padding-top: 0px !important;padding-right: 0px !important;padding-bottom: 0px !important;padding-left: 0px !important;background-color: #ffffff !important;}&#8220;][vc_single_image image=&#8220;7070&#8243; img_size=&#8220;full&#8220; el_class=&#8220;img-home-1&#8243;][\/vc_column_inner][vc_column_inner width=&#8220;1\/2&#8243; css=&#8220;.vc_custom_1716397820494{padding-top: 50px !important;padding-right: 10px !important;padding-bottom: 30px !important;padding-left: 10px !important;background-color: #ffffff !important;}&#8220;]\n\t<div class=\"title-subtitle-box  vc_custom_1716886584120 \" style=\" text-align: center;\">\n\t\t<h3 style=\" font-style: normal; text-transform: uppercase; font-weight: 600; letter-spacing: 0px;\" >KOCHKURS<\/h3>\n\t\t<div class=\"subtitle\" style=\"\"><p>In unserem Bauernhaus erwartet Sie ein v\u00f6lliges Eintauchen in die reiche Tradition der toskanischen K\u00fcche!<\/p>\n<\/div>\n\t<\/div> \n\t<div class=\"title-subtitle-box   \" style=\" text-align: left;\">\n\t<\/div> [vc_column_text css=&#8220;.vc_custom_1716886595156{margin-top: -30px !important;margin-right: 20px !important;margin-left: 20px !important;}&#8220;]<\/p>\n<p style=\"text-align: center;\">Unsere G\u00e4ste k\u00f6nnen Kochkurse unter der Leitung von Mamma Marcella buchen, um Geheimnisse und Techniken zu lernen und authentische lokale Gerichte zuzubereiten. Das ist die Gelegenheit, sich an der Zubereitung von K\u00f6stlichkeiten zu versuchen, von handgemachter Pasta bis hin zu den typischen So\u00dfen unserer Region, und das Ergebnis anschlie\u00dfend in geselliger Atmosph\u00e4re zu teilen.<\/p>\n<p>[\/vc_column_text][vc_btn title=&#8220;jetzt buchen&#8220; style=&#8220;flat&#8220; shape=&#8220;square&#8220; color=&#8220;black&#8220; size=&#8220;xs&#8220; align=&#8220;center&#8220; link=&#8220;url:mailto%3Ainfo%40lacasellamontalcino.com|target:_blank&#8220; css=&#8220;.vc_custom_1716886620182{margin-top: 50px !important;}&#8220;][\/vc_column_inner][\/vc_row_inner][vc_empty_space height=&#8220;15px&#8220;][vc_row_inner equal_height=&#8220;yes&#8220; content_placement=&#8220;middle&#8220; css=&#8220;.vc_custom_1699376538214{margin-top: 0px !important;margin-right: 35px !important;margin-bottom: 35px !important;margin-left: 35px !important;}&#8220;][vc_column_inner el_class=&#8220;mobile-padding-img-2&#8243; width=&#8220;1\/2&#8243; css=&#8220;.vc_custom_1716397611860{padding-top: 0px !important;padding-right: 0px !important;padding-bottom: 0px !important;padding-left: 0px !important;background-color: #ffffff !important;}&#8220;][vc_single_image image=&#8220;4062&#8243; img_size=&#8220;full&#8220; alignment=&#8220;center&#8220; css=&#8220;.vc_custom_1716398001342{margin-bottom: 0px !important;}&#8220; el_class=&#8220;img-home-2&#8243;][\/vc_column_inner][vc_column_inner width=&#8220;1\/2&#8243; css=&#8220;.vc_custom_1716398570590{padding-top: 50px !important;padding-right: 10px !important;padding-bottom: 30px !important;padding-left: 10px !important;background-color: #ffffff !important;}&#8220;]\n\t<div class=\"title-subtitle-box   \" style=\" text-align: left;\">\n\t<\/div> \n\t<div class=\"title-subtitle-box  vc_custom_1716886636399 \" style=\" text-align: center;\">\n\t\t<h3 style=\" font-style: normal; text-transform: uppercase; font-weight: 600; letter-spacing: 0px;\" >OLIVEN\u00d6LVERKOSTUNG<\/h3>\n\t\t<div class=\"subtitle\" style=\"\"><p>M\u00f6chten Sie mehr \u00fcber die Welt des \u00d6ls erfahren?<\/p>\n<\/div>\n\t<\/div> [vc_column_text css=&#8220;.vc_custom_1716886648926{margin-top: -30px !important;margin-right: 20px !important;margin-left: 20px !important;}&#8220;]<\/p>\n<p style=\"text-align: center;\">Wir bieten unseren G\u00e4sten faszinierende gef\u00fchrte Verkostungen des nativen Oliven\u00f6ls an, das wir direkt auf dem Bauernhof aus sorgf\u00e4ltig handverlesenen Oliven herstellen.<\/p>\n<p>[\/vc_column_text][vc_btn title=&#8220;jetzt buchen&#8220; style=&#8220;flat&#8220; shape=&#8220;square&#8220; color=&#8220;black&#8220; size=&#8220;xs&#8220; align=&#8220;center&#8220; link=&#8220;url:mailto%3Ainfo%40lacasellamontalcino.com|target:_blank&#8220; css=&#8220;.vc_custom_1716886920174{margin-top: 50px !important;}&#8220;][\/vc_column_inner][\/vc_row_inner][vc_empty_space height=&#8220;15px&#8220;][vc_row_inner equal_height=&#8220;yes&#8220; content_placement=&#8220;middle&#8220; css=&#8220;.vc_custom_1699376538214{margin-top: 0px !important;margin-right: 35px !important;margin-bottom: 35px !important;margin-left: 35px !important;}&#8220;][vc_column_inner el_class=&#8220;mobile-padding-img-3&#8243; width=&#8220;1\/2&#8243; css=&#8220;.vc_custom_1716398366341{padding-top: 0px !important;padding-right: 0px !important;padding-bottom: 0px !important;padding-left: 0px !important;background-color: #ffffff !important;}&#8220;][vc_single_image image=&#8220;4255&#8243; img_size=&#8220;full&#8220; alignment=&#8220;center&#8220; css=&#8220;.vc_custom_1716398424841{margin-bottom: 0px !important;}&#8220; el_class=&#8220;img-home-3&#8243;][\/vc_column_inner][vc_column_inner width=&#8220;1\/2&#8243; css=&#8220;.vc_custom_1716398584369{padding-top: 50px !important;padding-right: 10px !important;padding-bottom: 30px !important;padding-left: 10px !important;background-color: #ffffff !important;}&#8220;]\n\t<div class=\"title-subtitle-box  vc_custom_1716886669593 \" style=\" text-align: center;\">\n\t\t<h3 style=\" font-style: normal; text-transform: uppercase; font-weight: 600; letter-spacing: 0px;\" >WEINVERKOSTUNGEN<\/h3>\n\t\t<div class=\"subtitle\" style=\"\"><p>Brunello di Montalcino, Riserva und Rosso di Montalcino<\/p>\n<\/div>\n\t<\/div> \n\t<div class=\"title-subtitle-box   \" style=\" text-align: left;\">\n\t<\/div> [vc_column_text css=&#8220;.vc_custom_1716886681295{margin-top: -30px !important;margin-right: 20px !important;margin-left: 20px !important;}&#8220;]<\/p>\n<p style=\"text-align: center;\">Montalcino ist eines der beliebtesten Ziele f\u00fcr Weinliebhaber aus der ganzen Welt. Das renommierte Weingut Fattoi, das sich im Besitz unserer Familie befindet, bietet die M\u00f6glichkeit, die charakteristischen Weine von Montalcino, wie Rosso di Montalcino, Brunello und Riserva di Montalcino zu verkosten.<\/p>\n<p>[\/vc_column_text][vc_btn title=&#8220;jetzt buchen&#8220; style=&#8220;flat&#8220; shape=&#8220;square&#8220; color=&#8220;black&#8220; size=&#8220;xs&#8220; align=&#8220;center&#8220; link=&#8220;url:mailto%3Ainfo%40lacasellamontalcino.com|target:_blank&#8220; css=&#8220;.vc_custom_1716886927712{margin-top: 50px !important;}&#8220;][\/vc_column_inner][\/vc_row_inner][vc_empty_space height=&#8220;15px&#8220;][vc_row_inner equal_height=&#8220;yes&#8220; content_placement=&#8220;middle&#8220; css=&#8220;.vc_custom_1699376538214{margin-top: 0px !important;margin-right: 35px !important;margin-bottom: 35px !important;margin-left: 35px !important;}&#8220;][vc_column_inner el_class=&#8220;mobile-padding-img-4&#8243; width=&#8220;1\/2&#8243; css=&#8220;.vc_custom_1716398456794{padding-top: 0px !important;padding-right: 0px !important;padding-bottom: 0px !important;padding-left: 0px !important;background-color: #ffffff !important;}&#8220;][vc_single_image image=&#8220;5741&#8243; img_size=&#8220;full&#8220; alignment=&#8220;center&#8220; css=&#8220;.vc_custom_1716398438108{margin-bottom: 0px !important;}&#8220; el_class=&#8220;img-home-4&#8243;][\/vc_column_inner][vc_column_inner width=&#8220;1\/2&#8243; css=&#8220;.vc_custom_1716398607765{padding-top: 50px !important;padding-right: 10px !important;padding-bottom: 30px !important;padding-left: 10px !important;background-color: #ffffff !important;}&#8220;]\n\t<div class=\"title-subtitle-box  vc_custom_1716886695010 \" style=\" text-align: center;\">\n\t\t<h3 style=\" font-style: normal; text-transform: uppercase; font-weight: 600; letter-spacing: 0px;\" >E-BIKE-TOUREN<\/h3>\n\t\t<div class=\"subtitle\" style=\"\"><p>Im Kontakt mit der Natur<\/p>\n<\/div>\n\t<\/div> \n\t<div class=\"title-subtitle-box   \" style=\" text-align: left;\">\n\t<\/div> [vc_column_text css=&#8220;.vc_custom_1716886703791{margin-top: -30px !important;margin-right: 20px !important;margin-left: 20px !important;}&#8220;]<\/p>\n<p style=\"text-align: center;\">Sie lieben die Natur und Aktivit\u00e4ten im Freien? Buchen Sie eine E-Bike-Tour, um die Sch\u00f6nheit der Orte rund um unser Landgut zu erkunden.<\/p>\n<p>[\/vc_column_text][vc_btn title=&#8220;jetzt buchen&#8220; style=&#8220;flat&#8220; shape=&#8220;square&#8220; color=&#8220;black&#8220; size=&#8220;xs&#8220; align=&#8220;center&#8220; link=&#8220;url:mailto%3Ainfo%40lacasellamontalcino.com|target:_blank&#8220; css=&#8220;.vc_custom_1716886933038{margin-top: 50px !important;}&#8220;][\/vc_column_inner][\/vc_row_inner][vc_empty_space height=&#8220;15px&#8220;][vc_row_inner equal_height=&#8220;yes&#8220; content_placement=&#8220;middle&#8220; css=&#8220;.vc_custom_1699376538214{margin-top: 0px !important;margin-right: 35px !important;margin-bottom: 35px !important;margin-left: 35px !important;}&#8220;][vc_column_inner el_class=&#8220;mobile-padding-img-5&#8243; width=&#8220;1\/2&#8243; css=&#8220;.vc_custom_1716398462380{padding-top: 0px !important;padding-right: 0px !important;padding-bottom: 0px !important;padding-left: 0px !important;background-color: #ffffff !important;}&#8220;][vc_single_image image=&#8220;6005&#8243; img_size=&#8220;full&#8220; alignment=&#8220;center&#8220; css=&#8220;.vc_custom_1716398477827{margin-bottom: 0px !important;}&#8220; el_class=&#8220;img-home-5&#8243;][\/vc_column_inner][vc_column_inner width=&#8220;1\/2&#8243; css=&#8220;.vc_custom_1716398631973{padding-top: 50px !important;padding-right: 10px !important;padding-bottom: 30px !important;padding-left: 10px !important;background-color: #ffffff !important;}&#8220;]\n\t<div class=\"title-subtitle-box  vc_custom_1716886722346 \" style=\" text-align: center;\">\n\t\t<h3 style=\" font-style: normal; text-transform: uppercase; font-weight: 600; letter-spacing: 0px;\" >VAL D'ORCIA OLDTIMER-TOUR<\/h3>\n\t\t<div class=\"subtitle\" style=\"\"><p>Entdecken Sie das Val d&#8217;Orcia<\/p>\n<\/div>\n\t<\/div> \n\t<div class=\"title-subtitle-box   \" style=\" text-align: left;\">\n\t<\/div> [vc_column_text css=&#8220;.vc_custom_1716886735041{margin-top: -30px !important;margin-right: 20px !important;margin-left: 20px !important;}&#8220;]<\/p>\n<p style=\"text-align: center;\">Ein au\u00dfergew\u00f6hnliches Erlebnis, um das Val d&#8217;Orcia auf der Stra\u00dfe zu entdecken! Wir empfehlen Ihnen eine Entdeckungstour mit dem legend\u00e4ren Morgan, um Ihrer Reise einen Hauch von Eleganz und Charme zu verleihen. Buchen Sie jetzt und entdecken Sie die faszinierenden Stra\u00dfen und Landschaften in einem einzigartigen und unvergesslichen Stil.<\/p>\n<p>[\/vc_column_text][vc_btn title=&#8220;jetzt buchen&#8220; style=&#8220;flat&#8220; shape=&#8220;square&#8220; color=&#8220;black&#8220; size=&#8220;xs&#8220; align=&#8220;center&#8220; link=&#8220;url:mailto%3Ainfo%40lacasellamontalcino.com|target:_blank&#8220; css=&#8220;.vc_custom_1716886938783{margin-top: 50px !important;}&#8220;][\/vc_column_inner][\/vc_row_inner][vc_empty_space height=&#8220;15px&#8220;][vc_row_inner equal_height=&#8220;yes&#8220; content_placement=&#8220;middle&#8220; css=&#8220;.vc_custom_1699376538214{margin-top: 0px !important;margin-right: 35px !important;margin-bottom: 35px !important;margin-left: 35px !important;}&#8220;][vc_column_inner el_class=&#8220;mobile-padding-img-7&#8243; width=&#8220;1\/2&#8243; css=&#8220;.vc_custom_1716398518184{padding-top: 0px !important;padding-right: 0px !important;padding-bottom: 0px !important;padding-left: 0px !important;background-color: #ffffff !important;}&#8220;][vc_single_image image=&#8220;4881&#8243; img_size=&#8220;full&#8220; alignment=&#8220;center&#8220; css=&#8220;.vc_custom_1716398505322{margin-bottom: 0px !important;}&#8220; el_class=&#8220;img-home-6&#8243;][\/vc_column_inner][vc_column_inner width=&#8220;1\/2&#8243; css=&#8220;.vc_custom_1716398670013{padding-top: 50px !important;padding-right: 10px !important;padding-bottom: 30px !important;padding-left: 10px !important;background-color: #ffffff !important;}&#8220;]\n\t<div class=\"title-subtitle-box  vc_custom_1716886820253 \" style=\" text-align: center;\">\n\t\t<h3 style=\" font-style: normal; text-transform: uppercase; font-weight: 600; letter-spacing: 0px;\" >RESTAURANT<\/h3>\n\t\t<div class=\"subtitle\" style=\"\"><p>Essen &amp; Trinken<\/p>\n<\/div>\n\t<\/div> \n\t<div class=\"title-subtitle-box   \" style=\" text-align: left;\">\n\t<\/div> [vc_column_text css=&#8220;.vc_custom_1716886832348{margin-top: -30px !important;margin-right: 20px !important;margin-left: 20px !important;}&#8220;]<\/p>\n<p style=\"text-align: center;\">Um Ihre Sinne zu verw\u00f6hnen, k\u00f6nnen Sie in unserem Bauernhaus Mittag- und Abendessen mit traditioneller oder vegetarischer K\u00fcche buchen.<\/p>\n<p>[\/vc_column_text][vc_btn title=&#8220;jetzt buchen&#8220; style=&#8220;flat&#8220; shape=&#8220;square&#8220; color=&#8220;black&#8220; size=&#8220;xs&#8220; align=&#8220;center&#8220; link=&#8220;url:mailto%3Ainfo%40lacasellamontalcino.com|target:_blank&#8220; css=&#8220;.vc_custom_1716886948303{margin-top: 50px !important;}&#8220;][\/vc_column_inner][\/vc_row_inner][vc_empty_space height=&#8220;15px&#8220;][vc_column_text css=&#8220;.vc_custom_1716886843836{margin-left: 30px !important;}&#8220;]Um Aktivit\u00e4ten zu buchen, wenden Sie sich bitte direkt an die Rezeption oder kontaktieren Sie uns per E-Mail oder Telefon.[\/vc_column_text][vc_raw_html]JTNDc3R5bGUlM0UlMEFib2R5JTIwLndwYl9idXR0b24lMkMlMjBib2R5JTIwLndwYl9jb250ZW50X2VsZW1lbnQlMkMlMjBib2R5JTIwdWwud3BiX3RodW1ibmFpbHMtZmx1aWQlM0VsaSUyMCU3QiUwQSUyMCUyMCUyMCUyMG1hcmdpbi1ib3R0b20lM0ElMjAwcHglM0IlMEElN0QlMEEud3BiX2J1dHRvbiUyQyUyMC53cGJfY29udGVudF9lbGVtZW50JTJDJTIwdWwud3BiX3RodW1ibmFpbHMtZmx1aWQlM0VsaSUyMCU3QiUwQSUyMCUyMCUyMCUyMG1hcmdpbi1ib3R0b20lM0ElMjAwcHglM0IlMEElN0QlMEElMEElNDBtZWRpYSUyMHNjcmVlbiUyMGFuZCUyMCUyOG1pbi13aWR0aCUzQTc2N3B4JTI5JTIwYW5kJTIwJTI4bWF4LXdpZHRoJTNBJTIwOTkxcHglMjklMjAlN0IlMEEudmNfcm93LnZjX3Jvdy1mbGV4JTNFLnZjX2NvbHVtbl9jb250YWluZXIlMjAlN0IlMEElMjAlMjAlMjAlMjBkaXNwbGF5JTNBJTIwYmxvY2slM0IlMEElN0QlMEEubW9iaWxlLXBhZGRpbmctaW1nLTElN0IlMEFiYWNrZ3JvdW5kLWltYWdlJTNBJTIwdXJsJTI4JTIyaHR0cHMlM0ElMkYlMkZ3d3cubGFjYXNlbGxhbW9udGFsY2luby5jb20lMkZ3cC1jb250ZW50JTJGdXBsb2FkcyUyRjIwMjQlMkYwMyUyRkRTQzI0MDZfMi5qcGclMjIlMjklMjAlMjFpbXBvcnRhbnQlM0IlMEFiYWNrZ3JvdW5kLXNpemUlM0Fjb3ZlciUzQiUwQWJhY2tncm91bmQtcG9zaXRpb24lM0ElMjBjZW50ZXIlM0IlMjAlMEElMjAlMjAlMjAlMjAlN0QlMEEuaW1nLWhvbWUtMSU3QiUwQWRpc3BsYXklM0Fub25lJTNCJTdEJTBBJTBBLm1vYmlsZS1wYWRkaW5nLWltZy0yJTdCJTBBYmFja2dyb3VuZC1pbWFnZSUzQSUyMHVybCUyOCUyMmh0dHBzJTNBJTJGJTJGd3d3LmxhY2FzZWxsYW1vbnRhbGNpbm8uY29tJTJGd3AtY29udGVudCUyRnVwbG9hZHMlMkYyMDIzJTJGMTElMkZpLW5vc3RyaS1wcm9kb3R0aV9PbGlvLmpwZyUyMiUyOSUyMCUyMWltcG9ydGFudCUzQiUwQWJhY2tncm91bmQtc2l6ZSUzQWNvdmVyJTNCJTBBYmFja2dyb3VuZC1wb3NpdGlvbiUzQSUyMGNlbnRlciUzQiUyMCUwQSUyMCUyMCUyMCUyMCU3RCUwQS5pbWctaG9tZS0yJTdCJTBBZGlzcGxheSUzQW5vbmUlM0IlN0QlMEElMEEubW9iaWxlLXBhZGRpbmctaW1nLTMlN0IlMEFiYWNrZ3JvdW5kLWltYWdlJTNBJTIwdXJsJTI4JTIyaHR0cHMlM0ElMkYlMkZ3d3cubGFjYXNlbGxhbW9udGFsY2luby5jb20lMkZ3cC1jb250ZW50JTJGdXBsb2FkcyUyRjIwMjMlMkYxMSUyRkF0dGl2aXRhX2ZhdHRvaV93ZWItMy5qcGclMjIlMjklMjAlMjFpbXBvcnRhbnQlM0IlMEFiYWNrZ3JvdW5kLXNpemUlM0Fjb3ZlciUzQiUwQWJhY2tncm91bmQtcG9zaXRpb24lM0ElMjBjZW50ZXIlM0IlMjAlMEElMjAlMjAlMjAlMjAlN0QlMEEuaW1nLWhvbWUtMyU3QiUwQWRpc3BsYXklM0Fub25lJTNCJTdEJTBBJTBBLm1vYmlsZS1wYWRkaW5nLWltZy00JTdCJTBBYmFja2dyb3VuZC1pbWFnZSUzQSUyMHVybCUyOCUyMmh0dHBzJTNBJTJGJTJGd3d3LmxhY2FzZWxsYW1vbnRhbGNpbm8uY29tJTJGd3AtY29udGVudCUyRnVwbG9hZHMlMkYyMDI0JTJGMDMlMkZEU0MwNTE3LmpwZyUyMiUyOSUyMCUyMWltcG9ydGFudCUzQiUwQWJhY2tncm91bmQtc2l6ZSUzQWNvdmVyJTNCJTBBYmFja2dyb3VuZC1wb3NpdGlvbiUzQSUyMGNlbnRlciUzQiUyMCUwQSUyMCUyMCUyMCUyMCU3RCUwQS5pbWctaG9tZS00JTdCJTBBZGlzcGxheSUzQW5vbmUlM0IlN0QlMEElMEEubW9iaWxlLXBhZGRpbmctaW1nLTUlN0IlMEFiYWNrZ3JvdW5kLWltYWdlJTNBJTIwdXJsJTI4JTIyaHR0cHMlM0ElMkYlMkZ3d3cubGFjYXNlbGxhbW9udGFsY2luby5jb20lMkZ3cC1jb250ZW50JTJGdXBsb2FkcyUyRjIwMjQlMkYwNSUyRm1vcmdhbl8xX3dlYi5qcGclMjIlMjklMjAlMjFpbXBvcnRhbnQlM0IlMEFiYWNrZ3JvdW5kLXNpemUlM0Fjb3ZlciUzQiUwQWJhY2tncm91bmQtcG9zaXRpb24lM0ElMjBjZW50ZXIlM0IlMjAlMEElMjAlMjAlMjAlMjAlN0QlMEEuaW1nLWhvbWUtNSU3QiUwQWRpc3BsYXklM0Fub25lJTNCJTdEJTBBJTBBLm1vYmlsZS1wYWRkaW5nLWltZy02JTdCJTBBYmFja2dyb3VuZC1pbWFnZSUzQSUyMHVybCUyOCUyMmh0dHBzJTNBJTJGJTJGd3d3LmxhY2FzZWxsYW1vbnRhbGNpbm8uY29tJTJGd3AtY29udGVudCUyRnVwbG9hZHMlMkYyMDI0JTJGMDElMkZEU0MyNDEwX3dlYi5qcGclMjIlMjklMjAlMjFpbXBvcnRhbnQlM0IlMEFiYWNrZ3JvdW5kLXNpemUlM0Fjb3ZlciUzQiUwQWJhY2tncm91bmQtcG9zaXRpb24lM0ElMjBjZW50ZXIlM0IlMjAlMEElMjAlMjAlMjAlMjAlN0QlMEEuaW1nLWhvbWUtNiU3QiUwQWRpc3BsYXklM0Fub25lJTNCJTdEJTBBJTBBLm1vYmlsZS1wYWRkaW5nLWltZy03JTdCJTBBYmFja2dyb3VuZC1pbWFnZSUzQSUyMHVybCUyOCUyMmh0dHBzJTNBJTJGJTJGd3d3LmxhY2FzZWxsYW1vbnRhbGNpbm8uY29tJTJGd3AtY29udGVudCUyRnVwbG9hZHMlMkYyMDI0JTJGMDElMkZEU0MyNDQ5X3dlYi5qcGclMjIlMjklMjAlMjFpbXBvcnRhbnQlM0IlMEFiYWNrZ3JvdW5kLXNpemUlM0Fjb3ZlciUzQiUwQWJhY2tncm91bmQtcG9zaXRpb24lM0ElMjBjZW50ZXIlM0IlMjAlMEElMjAlMjAlMjAlMjAlN0QlMEEuaW1nLWhvbWUtNyU3QiUwQWRpc3BsYXklM0Fub25lJTNCJTdEJTBBJTdEJTBBJTBBJTQwbWVkaWElMjBzY3JlZW4lMjBhbmQlMjAlMjhtYXgtd2lkdGglM0ElMjA3NjdweCUyOSU3QiUwQS53cGJfc2luZ2xlX2ltYWdlJTIwaW1nJTIwJTdCJTBBJTIwJTIwJTIwJTIwaGVpZ2h0JTNBJTIwMzQ1cHglM0IlMEElMjAlMjAlMjAlMjBvYmplY3QtZml0JTNBJTIwY292ZXIlM0IlMEElN0QlMEElN0QlMEElM0MlMkZzdHlsZSUzRQ==[\/vc_raw_html][\/vc_column][\/vc_row]<\/p>\n<\/section>","protected":false},"excerpt":{"rendered":"<p>[vc_row full_width=&#8220;stretch_row&#8220; css=&#8220;.vc_custom_1701860154091{background-color: #f1f1f1 !important;}&#8220;][vc_column css=&#8220;.vc_custom_1701860145799{background-color: #f1f1f1 !important;}&#8220;][vc_empty_space height=&#8220;15px&#8220;][vc_row_inner equal_height=&#8220;yes&#8220; content_placement=&#8220;middle&#8220; css=&#8220;.vc_custom_1716397904819{margin-top: 0px !important;margin-right: 35px !important;margin-bottom: 35px !important;margin-left: 35px !important;}&#8220;][vc_column_inner el_class=&#8220;mobile-padding-img-1&#8243; width=&#8220;1\/2&#8243; css=&#8220;.vc_custom_1716397546644{padding-top: 0px !important;padding-right: 0px !important;padding-bottom: 0px !important;padding-left: 0px !important;background-color: #ffffff !important;}&#8220;][vc_single_image image=&#8220;7070&#8243; img_size=&#8220;full&#8220; el_class=&#8220;img-home-1&#8243;][\/vc_column_inner][vc_column_inner width=&#8220;1\/2&#8243; css=&#8220;.vc_custom_1716397820494{padding-top: 50px !important;padding-right: 10px !important;padding-bottom: 30px !important;padding-left: 10px !important;background-color: #ffffff !important;}&#8220;][vc_column_text css=&#8220;.vc_custom_1716886595156{margin-top: -30px !important;margin-right: 20px !important;margin-left: 20px !important;}&#8220;]<br class=\"read-more-spacer\"> <a class=\"more-link\" href=\"https:\/\/www.lacasellamontalcino.com\/de\/aktivitaeten\/\">Read More<\/a><\/p>\n","protected":false},"author":1,"featured_media":7067,"parent":0,"menu_order":0,"comment_status":"closed","ping_status":"closed","template":"","meta":{"footnotes":""},"acf":[],"_links":{"self":[{"href":"https:\/\/www.lacasellamontalcino.com\/de\/wp-json\/wp\/v2\/pages\/6575"}],"collection":[{"href":"https:\/\/www.lacasellamontalcino.com\/de\/wp-json\/wp\/v2\/pages"}],"about":[{"href":"https:\/\/www.lacasellamontalcino.com\/de\/wp-json\/wp\/v2\/types\/page"}],"author":[{"embeddable":true,"href":"https:\/\/www.lacasellamontalcino.com\/de\/wp-json\/wp\/v2\/users\/1"}],"replies":[{"embeddable":true,"href":"https:\/\/www.lacasellamontalcino.com\/de\/wp-json\/wp\/v2\/comments?post=6575"}],"version-history":[{"count":11,"href":"https:\/\/www.lacasellamontalcino.com\/de\/wp-json\/wp\/v2\/pages\/6575\/revisions"}],"predecessor-version":[{"id":7073,"href":"https:\/\/www.lacasellamontalcino.com\/de\/wp-json\/wp\/v2\/pages\/6575\/revisions\/7073"}],"wp:featuredmedia":[{"embeddable":true,"href":"https:\/\/www.lacasellamontalcino.com\/de\/wp-json\/wp\/v2\/media\/7067"}],"wp:attachment":[{"href":"https:\/\/www.lacasellamontalcino.com\/de\/wp-json\/wp\/v2\/media?parent=6575"}],"curies":[{"name":"wp","href":"https:\/\/api.w.org\/{rel}","templated":true}]}}