{"id":6530,"date":"2024-05-31T17:27:38","date_gmt":"2024-05-31T15:27:38","guid":{"rendered":"https:\/\/www.lacasellamontalcino.com\/appartamenti-camere-clone\/"},"modified":"2024-12-20T16:03:44","modified_gmt":"2024-12-20T15:03:44","slug":"wohnungen-zimmer","status":"publish","type":"page","link":"https:\/\/www.lacasellamontalcino.com\/de\/wohnungen-zimmer\/","title":{"rendered":"Wohnungen &#038; Zimmer"},"content":{"rendered":"<section class=\"wpb-content-wrapper\"><p>[vc_row full_width=&#8220;stretch_row&#8220; css=&#8220;.vc_custom_1715699973219{margin-top: -50px !important;background-color: #f1f1f1 !important;}&#8220;][vc_column][vc_empty_space height=&#8220;15px&#8220;]\n\t<div class=\"title-subtitle-box   \" style=\" text-align: center;\">\n\t\t<hr class=\"has-topline\"  \/>\n\t\t<h2 style=\" font-style: normal; text-transform: uppercase; font-weight: 600; letter-spacing: 0px;\" >UNSERE UNTERK\u00dcNFTE<\/h2>\n\t<\/div> [vc_column_text]<\/p>\n<p class=\"p1\" style=\"text-align: center;\"><span class=\"s1\">La Casella bietet drei unabh\u00e4ngige Wohnungen, die sich jeweils durch ihre Besonderheit auszeichnen, und zwei Zimmer.<\/span><\/p>\n<p class=\"p3\" style=\"text-align: center;\"><span class=\"s1\">Wir freuen uns, Sie in einer Umgebung begr\u00fc\u00dfen zu d\u00fcrfen, in der sich die Sch\u00f6nheit der Landschaft mit dem Komfort Ihrer Unterkunft verbindet und Ihnen ein umfassendes Erlebnis im Herzen der Toskana bietet.<\/span><\/p>\n<p>&nbsp;<\/p>\n<h3 style=\"text-align: center;\">Ruhe und Entspannung<\/h3>\n<p style=\"text-align: center;\">Jedes Detail des Bauernhofs ist darauf ausgelegt, unseren G\u00e4sten eine Atmosph\u00e4re der Ruhe und Entspannung fernab des Alltagsstresses zu bieten. Die Au\u00dfenbereiche sind ideal geeignet, um sich wieder mit der Natur zu verbinden und Momente unber\u00fchrter Ruhe zu genie\u00dfen.<\/p>\n<p>[\/vc_column_text]\n\t<div class=\"title-subtitle-box   \" style=\" text-align: left;\">\n\t<\/div> \n\t<div class=\"title-subtitle-box   \" style=\" text-align: left;\">\n\t<\/div> [vc_row_inner][vc_column_inner width=&#8220;1\/2&#8243;]\n\t<div class=\"featured-image-box  text-align-left box-style-button_overlay\">\n\t\t<figure onclick=\"\" class=\"button_overlay\">\n\t\t\t<div class=\"featured-image-holder\"><img loading=\"lazy\" decoding=\"async\" width=\"270\" height=\"300\" src=\"https:\/\/www.lacasellamontalcino.com\/wp-content\/uploads\/2024\/12\/DSC6437_2-270x300.jpg\" class=\"vc_single_image-img attachment-medium\" alt=\"\" title=\"_DSC6437_2\" srcset=\"https:\/\/www.lacasellamontalcino.com\/wp-content\/uploads\/2024\/12\/DSC6437_2-270x300.jpg 270w, https:\/\/www.lacasellamontalcino.com\/wp-content\/uploads\/2024\/12\/DSC6437_2.jpg 720w\" sizes=\"(max-width: 270px) 100vw, 270px\" \/><\/div>\n\t\t<figcaption onclick=\"\" class=\"\">\n\t\t<div class=\"featured-image-box-meta\">\n\t\t\t<a class=\"read-more-link\" href=\"https:\/\/www.lacasellamontalcino.com\/de\/wohnungen-zimmer\/funghetto-azzurro\/\" title=\"Zimmer Funghetto Azzurro\" target=\"_self\"><span class=\"hidden\">Zimmer Funghetto Azzurro<\/span><\/a>\n\t\t<\/div>\n\t\t<\/figcaption>\n\t\t<\/figure>\n\t<\/div> [vc_empty_space]\n\t<div class=\"featured-image-box  text-align-left box-style-button_overlay\">\n\t\t<figure onclick=\"\" class=\"button_overlay\">\n\t\t\t<div class=\"featured-image-holder\"><img loading=\"lazy\" decoding=\"async\" width=\"270\" height=\"300\" src=\"https:\/\/www.lacasellamontalcino.com\/wp-content\/uploads\/2024\/12\/DSC6426_2-270x300.jpg\" class=\"vc_single_image-img attachment-medium\" alt=\"\" title=\"_DSC6426_2\" srcset=\"https:\/\/www.lacasellamontalcino.com\/wp-content\/uploads\/2024\/12\/DSC6426_2-270x300.jpg 270w, https:\/\/www.lacasellamontalcino.com\/wp-content\/uploads\/2024\/12\/DSC6426_2.jpg 720w\" sizes=\"(max-width: 270px) 100vw, 270px\" \/><\/div>\n\t\t<figcaption onclick=\"\" class=\"\">\n\t\t<div class=\"featured-image-box-meta\">\n\t\t\t<a class=\"read-more-link\" href=\"https:\/\/www.lacasellamontalcino.com\/de\/wohnungen-zimmer\/funghetto-rosa\/\" title=\"Wohnung Funghetto Rosa\" target=\"_self\"><span class=\"hidden\">Wohnung Funghetto Rosa<\/span><\/a>\n\t\t<\/div>\n\t\t<\/figcaption>\n\t\t<\/figure>\n\t<\/div> [vc_empty_space]\n\t<div class=\"featured-image-box  text-align-left box-style-button_overlay\">\n\t\t<figure onclick=\"\" class=\"button_overlay\">\n\t\t\t<div class=\"featured-image-holder\"><img loading=\"lazy\" decoding=\"async\" width=\"270\" height=\"300\" src=\"https:\/\/www.lacasellamontalcino.com\/wp-content\/uploads\/2024\/12\/DSC5760_2-270x300.jpg\" class=\"vc_single_image-img attachment-medium\" alt=\"\" title=\"_DSC5760_2\" srcset=\"https:\/\/www.lacasellamontalcino.com\/wp-content\/uploads\/2024\/12\/DSC5760_2-270x300.jpg 270w, https:\/\/www.lacasellamontalcino.com\/wp-content\/uploads\/2024\/12\/DSC5760_2.jpg 720w\" sizes=\"(max-width: 270px) 100vw, 270px\" \/><\/div>\n\t\t<figcaption onclick=\"\" class=\"\">\n\t\t<div class=\"featured-image-box-meta\">\n\t\t\t<a class=\"read-more-link\" href=\"https:\/\/www.lacasellamontalcino.com\/de\/wohnungen-zimmer\/camera-gialla\/\" title=\"Zimmer Camera Gialla\" target=\"_self\"><span class=\"hidden\">Zimmer Camera Gialla<\/span><\/a>\n\t\t<\/div>\n\t\t<\/figcaption>\n\t\t<\/figure>\n\t<\/div> [\/vc_column_inner][vc_column_inner width=&#8220;1\/2&#8243;]\n\t<div class=\"featured-image-box  text-align-left box-style-button_overlay\">\n\t\t<figure onclick=\"\" class=\"button_overlay\">\n\t\t\t<div class=\"featured-image-holder\"><img loading=\"lazy\" decoding=\"async\" width=\"270\" height=\"300\" src=\"https:\/\/www.lacasellamontalcino.com\/wp-content\/uploads\/2024\/12\/DSC5718_2-270x300.jpg\" class=\"vc_single_image-img attachment-medium\" alt=\"\" title=\"_DSC5718_2\" srcset=\"https:\/\/www.lacasellamontalcino.com\/wp-content\/uploads\/2024\/12\/DSC5718_2-270x300.jpg 270w, https:\/\/www.lacasellamontalcino.com\/wp-content\/uploads\/2024\/12\/DSC5718_2.jpg 720w\" sizes=\"(max-width: 270px) 100vw, 270px\" \/><\/div>\n\t\t<figcaption onclick=\"\" class=\"\">\n\t\t<div class=\"featured-image-box-meta\">\n\t\t\t<a class=\"read-more-link\" href=\"https:\/\/www.lacasellamontalcino.com\/de\/wohnungen-zimmer\/gli-archetti\/\" title=\"Wohnung Gli Archetti\" target=\"_self\"><span class=\"hidden\">Wohnung Gli Archetti<\/span><\/a>\n\t\t<\/div>\n\t\t<\/figcaption>\n\t\t<\/figure>\n\t<\/div> [vc_empty_space]\n\t<div class=\"featured-image-box  text-align-left box-style-button_overlay\">\n\t\t<figure onclick=\"\" class=\"button_overlay\">\n\t\t\t<div class=\"featured-image-holder\"><img loading=\"lazy\" decoding=\"async\" width=\"270\" height=\"300\" src=\"https:\/\/www.lacasellamontalcino.com\/wp-content\/uploads\/2024\/12\/DSC5755_2_web-270x300.jpg\" class=\"vc_single_image-img attachment-medium\" alt=\"\" title=\"_DSC5755_2_web\" srcset=\"https:\/\/www.lacasellamontalcino.com\/wp-content\/uploads\/2024\/12\/DSC5755_2_web-270x300.jpg 270w, https:\/\/www.lacasellamontalcino.com\/wp-content\/uploads\/2024\/12\/DSC5755_2_web.jpg 720w\" sizes=\"(max-width: 270px) 100vw, 270px\" \/><\/div>\n\t\t<figcaption onclick=\"\" class=\"\">\n\t\t<div class=\"featured-image-box-meta\">\n\t\t\t<a class=\"read-more-link\" href=\"https:\/\/www.lacasellamontalcino.com\/de\/wohnungen-zimmer\/la-terrazza\/\" title=\"Wohnung La Terrazza\" target=\"_self\"><span class=\"hidden\">Wohnung La Terrazza<\/span><\/a>\n\t\t<\/div>\n\t\t<\/figcaption>\n\t\t<\/figure>\n\t<\/div> [\/vc_column_inner][\/vc_row_inner][\/vc_column][\/vc_row]<\/p>\n<\/section>","protected":false},"excerpt":{"rendered":"<p>[vc_row full_width=&#8220;stretch_row&#8220; css=&#8220;.vc_custom_1715699973219{margin-top: -50px !important;background-color: #f1f1f1 !important;}&#8220;][vc_column][vc_empty_space height=&#8220;15px&#8220;][vc_column_text] La Casella bietet drei unabh\u00e4ngige Wohnungen, die sich jeweils durch ihre Besonderheit auszeichnen, und zwei Zimmer. Wir freuen uns, Sie in einer Umgebung begr\u00fc\u00dfen zu d\u00fcrfen, in der sich die Sch\u00f6nheit der Landschaft mit dem Komfort Ihrer Unterkunft verbindet und Ihnen ein umfassendes Erlebnis im Herzen der<br class=\"read-more-spacer\"> <a class=\"more-link\" href=\"https:\/\/www.lacasellamontalcino.com\/de\/wohnungen-zimmer\/\">Read More<\/a><\/p>\n","protected":false},"author":1,"featured_media":5674,"parent":0,"menu_order":0,"comment_status":"closed","ping_status":"closed","template":"","meta":{"footnotes":""},"acf":[],"_links":{"self":[{"href":"https:\/\/www.lacasellamontalcino.com\/de\/wp-json\/wp\/v2\/pages\/6530"}],"collection":[{"href":"https:\/\/www.lacasellamontalcino.com\/de\/wp-json\/wp\/v2\/pages"}],"about":[{"href":"https:\/\/www.lacasellamontalcino.com\/de\/wp-json\/wp\/v2\/types\/page"}],"author":[{"embeddable":true,"href":"https:\/\/www.lacasellamontalcino.com\/de\/wp-json\/wp\/v2\/users\/1"}],"replies":[{"embeddable":true,"href":"https:\/\/www.lacasellamontalcino.com\/de\/wp-json\/wp\/v2\/comments?post=6530"}],"version-history":[{"count":8,"href":"https:\/\/www.lacasellamontalcino.com\/de\/wp-json\/wp\/v2\/pages\/6530\/revisions"}],"predecessor-version":[{"id":7112,"href":"https:\/\/www.lacasellamontalcino.com\/de\/wp-json\/wp\/v2\/pages\/6530\/revisions\/7112"}],"wp:featuredmedia":[{"embeddable":true,"href":"https:\/\/www.lacasellamontalcino.com\/de\/wp-json\/wp\/v2\/media\/5674"}],"wp:attachment":[{"href":"https:\/\/www.lacasellamontalcino.com\/de\/wp-json\/wp\/v2\/media?parent=6530"}],"curies":[{"name":"wp","href":"https:\/\/api.w.org\/{rel}","templated":true}]}}