{"id":6511,"date":"2024-05-31T16:59:09","date_gmt":"2024-05-31T14:59:09","guid":{"rendered":"https:\/\/www.lacasellamontalcino.com\/prodotti-clone\/"},"modified":"2024-06-06T13:01:43","modified_gmt":"2024-06-06T11:01:43","slug":"produkte","status":"publish","type":"page","link":"https:\/\/www.lacasellamontalcino.com\/de\/produkte\/","title":{"rendered":"Produkte"},"content":{"rendered":"<section class=\"wpb-content-wrapper\"><p>[vc_row full_width=&#8220;stretch_row&#8220; css=&#8220;.vc_custom_1716394404463{background-color: #f1f1f1 !important;}&#8220;][vc_column][vc_empty_space height=&#8220;15px&#8220;][vc_row_inner equal_height=&#8220;yes&#8220; content_placement=&#8220;middle&#8220; css=&#8220;.vc_custom_1716797065950{background-color: #ffffff !important;}&#8220; el_class=&#8220;swap-on-mobile&#8220;][vc_column_inner el_class=&#8220;mobile-padding-img-1&#8243; width=&#8220;1\/2&#8243; css=&#8220;.vc_custom_1716901174584{margin-top: 0px !important;margin-bottom: 0px !important;padding-top: 0px !important;padding-right: 0px !important;padding-bottom: 0px !important;padding-left: 0px !important;}&#8220;][vc_single_image image=&#8220;4363&#8243; img_size=&#8220;full&#8220; alignment=&#8220;center&#8220; css=&#8220;.vc_custom_1716884417838{margin-top: 0px !important;margin-right: 0px !important;margin-bottom: 0px !important;margin-left: 0px !important;padding-top: 0px !important;padding-right: 0px !important;padding-bottom: 0px !important;padding-left: 0px !important;}&#8220; el_class=&#8220;img-home-1&#8243;][\/vc_column_inner][vc_column_inner el_class=&#8220;margini-laterali&#8220; width=&#8220;1\/2&#8243; css=&#8220;.vc_custom_1717515947932{padding-top: 11px !important;padding-right: 20px !important;padding-bottom: 30px !important;padding-left: 20px !important;background-color: #ffffff !important;}&#8220;]\n\t<div class=\"title-subtitle-box  vc_custom_1717168418236 \" style=\" text-align: center;\">\n\t\t<span class=\"toptitle\">Oro Verde<\/span>\n\t\t<h2 style=\" font-style: normal; text-transform: uppercase; font-weight: 600; letter-spacing: 0px;\" >NATIVES OLIVEN\u00d6L EXTRA IN VERSCHIEDENEN VERPACKUNGEN<\/h2>\n\t<\/div> [vc_column_text css=&#8220;.vc_custom_1717168433236{margin-top: -20px !important;margin-right: 20px !important;margin-left: 20px !important;background-color: #ffffff !important;}&#8220;]<\/p>\n<p style=\"text-align: center;\">Wir bauen unsere Oliven mit traditionellen und nachhaltigen Methoden an, mit Liebe, Hingabe und Respekt f\u00fcr die Landschaft. Die Oliven werden von Hand geerntet und in kurzer Zeit in unsere \u00d6lm\u00fchle gebracht, wo sie kalt verarbeitet werden, um ihren Geschmack und ihr Aroma zu bewahren und so ein natives Oliven\u00f6l extra von h\u00f6chster Qualit\u00e4t zu erhalten. Wir garantieren und verfolgen den Weg der Oliven und des \u00d6ls von der Entstehung bis zum fertigen Produkt, einschlie\u00dflich Verpackung und Verkauf in unserem Betrieb.<\/p>\n<p style=\"text-align: center;\">Bei den Oliven handelt es sich um die klassischen toskanischen Sorten: Moraiolo, Leccino, Frantoio, Leccio di corno, Olivastra und Correggiolo.<\/p>\n<p>[\/vc_column_text][\/vc_column_inner][\/vc_row_inner][vc_row_inner equal_height=&#8220;yes&#8220; content_placement=&#8220;middle&#8220; css=&#8220;.vc_custom_1716797081029{background-color: #ffffff !important;}&#8220;][vc_column_inner el_class=&#8220;margini-laterali&#8220; width=&#8220;1\/2&#8243; css=&#8220;.vc_custom_1717515951965{padding-top: 50px !important;padding-right: 20px !important;padding-bottom: 30px !important;padding-left: 20px !important;background-color: #ffffff !important;}&#8220;]\n\t<div class=\"title-subtitle-box  vc_custom_1717168445981 \" style=\" text-align: center;\">\n\t\t<span class=\"toptitle\">Oro Rosso<\/span>\n\t\t<h2 style=\" font-style: normal; text-transform: uppercase; font-weight: 600; letter-spacing: 0px;\" >REINER SAFRAN AUS MONTALCINO<\/h2>\n\t<\/div> [vc_column_text css=&#8220;.vc_custom_1717168462013{margin-top: -20px !important;margin-right: 20px !important;margin-left: 20px !important;background-color: #ffffff !important;}&#8220;]<\/p>\n<p style=\"text-align: center;\">Wir bauen Safran auf unserem Bauernhof inmitten von Olivenb\u00e4umen an. Safran ist das wertvollste Gew\u00fcrz der Welt. Es besteht aus den Narben (Staubgef\u00e4\u00dfen) der Krokusart \u201eCrocus Sativus\u201c. Diese werden bis zur Verpackung vollst\u00e4ndig von Hand gesammelt, ausgew\u00e4hlt, getrocknet und gewogen. Wegen der hohen Kosten, die durch die manuelle Verarbeitung entstehen, wird das Gew\u00fcrz auch &#8222;Rotes Gold&#8220; genannt. Es wird vor allem wegen seines intensiven Geschmacks und seiner ern\u00e4hrungsphysiologischen Eigenschaften gesch\u00e4tzt. Erh\u00e4ltlich in unserem Hofladen.<\/p>\n<p>[\/vc_column_text][\/vc_column_inner][vc_column_inner el_class=&#8220;mobile-padding-img-2&#8243; width=&#8220;1\/2&#8243; css=&#8220;.vc_custom_1716797178800{padding-top: 0px !important;padding-right: 0px !important;padding-bottom: 0px !important;padding-left: 0px !important;background-color: #ffffff !important;}&#8220;][vc_single_image image=&#8220;3837&#8243; img_size=&#8220;full&#8220; alignment=&#8220;center&#8220; css=&#8220;.vc_custom_1716884358451{margin-bottom: 0px !important;background-color: #f1f1f1 !important;}&#8220; el_class=&#8220;img-home-2&#8243;][\/vc_column_inner][\/vc_row_inner][vc_row_inner equal_height=&#8220;yes&#8220; content_placement=&#8220;middle&#8220; css=&#8220;.vc_custom_1716797103790{background-color: #ffffff !important;}&#8220; el_class=&#8220;swap-on-mobile&#8220;][vc_column_inner el_class=&#8220;mobile-padding-img-3&#8243; width=&#8220;1\/2&#8243; css=&#8220;.vc_custom_1716797185640{padding-top: 0px !important;padding-right: 0px !important;padding-bottom: 0px !important;padding-left: 0px !important;background-color: #ffffff !important;}&#8220;][vc_single_image image=&#8220;4354&#8243; img_size=&#8220;full&#8220; alignment=&#8220;center&#8220; css=&#8220;.vc_custom_1716394515127{margin-bottom: 0px !important;background-color: #f1f1f1 !important;}&#8220; el_class=&#8220;img-home-3&#8243;][\/vc_column_inner][vc_column_inner el_class=&#8220;margini-laterali&#8220; width=&#8220;1\/2&#8243; css=&#8220;.vc_custom_1717515954669{padding-top: 50px !important;padding-right: 20px !important;padding-bottom: 30px !important;padding-left: 20px !important;background-color: #ffffff !important;}&#8220;]\n\t<div class=\"title-subtitle-box  vc_custom_1717168476651 \" style=\" text-align: center;\">\n\t\t<span class=\"toptitle\">Oro Giallo<\/span>\n\t\t<h2 style=\" font-style: normal; text-transform: uppercase; font-weight: 600; letter-spacing: 0px;\" >VERSCHIEDENE KONFIT\u00dcREN<\/h2>\n\t<\/div> [vc_column_text css=&#8220;.vc_custom_1717168489906{margin-top: -20px !important;margin-right: 20px !important;margin-left: 20px !important;background-color: #ffffff !important;}&#8220;]<\/p>\n<p style=\"text-align: center;\">Aus den Fr\u00fcchten unseres Anwesens, die mit Liebe und Sorgfalt angebaut werden, stellen wir unsere hausgemachten Konfit\u00fcren her, wobei die Frische und Intensit\u00e4t der Fr\u00fcchte erhalten bleibt. Sie werden von uns selbst hergestellt und verpackt und sind in unserem Hofladen erh\u00e4ltlich.<\/p>\n<p>[\/vc_column_text][\/vc_column_inner][\/vc_row_inner][vc_empty_space height=&#8220;40px&#8220;][vc_column_text]Sie finden alle unsere Produkte im Agriturismo La Casella. Wenn Sie weitere Informationen w\u00fcnschen, kontaktieren Sie uns bitte.[\/vc_column_text][vc_raw_html]JTNDc3R5bGUlM0UlMEElMEElNDBtZWRpYSUyMHNjcmVlbiUyMGFuZCUyMCUyOG1pbi13aWR0aCUzQSUyMDc2OHB4JTI5JTIwYW5kJTIwJTI4bWF4LXdpZHRoJTNBJTIwOTkxcHglMjklMjAlN0IlMEEudmNfcm93LnZjX3Jvdy1mbGV4JTNFLnZjX2NvbHVtbl9jb250YWluZXIlMjAlN0IlMEElMjAlMjAlMjAlMjBkaXNwbGF5JTNBJTIwYmxvY2slM0IlMEElN0QlMEElMjAlMjAlMjAlMjAubW9iaWxlLXBhZGRpbmctaW1nLTElN0IlMEElMjAlMjAlMjAlMjAlMjAlMjAlMjAlMjBiYWNrZ3JvdW5kLWltYWdlJTNBJTIwdXJsJTI4JTIyaHR0cHMlM0ElMkYlMkZ3d3cubGFjYXNlbGxhbW9udGFsY2luby5jb20lMkZ3cC1jb250ZW50JTJGdXBsb2FkcyUyRjIwMjMlMkYxMSUyRkRTQzI0MzFfd2ViLmpwZyUyMiUyOSUyMCUyMWltcG9ydGFudCUzQiUwQWJhY2tncm91bmQtc2l6ZSUzQWNvdmVyJTNCJTBBJTIwJTIwJTIwJTIwJTdEJTBBLmltZy1ob21lLTElN0IlMEFkaXNwbGF5JTNBbm9uZSUzQiU3RCUwQSUwQSUyMCUyMCUyMCUyMC5tb2JpbGUtcGFkZGluZy1pbWctMiU3QiUwQSUyMCUyMCUyMCUyMCUyMCUyMCUyMCUyMGJhY2tncm91bmQtaW1hZ2UlM0ElMjB1cmwlMjglMjJodHRwcyUzQSUyRiUyRnd3dy5sYWNhc2VsbGFtb250YWxjaW5vLmNvbSUyRndwLWNvbnRlbnQlMkZ1cGxvYWRzJTJGMjAyMyUyRjExJTJGaS1ub3N0cmktcHJvZG90dGlfWmFmZmVyYW5vLmpwZyUyMiUyOSUyMCUyMWltcG9ydGFudCUzQiUwQWJhY2tncm91bmQtc2l6ZSUzQWNvdmVyJTNCJTBBJTIwJTIwJTIwJTIwJTdEJTBBLmltZy1ob21lLTIlN0IlMEFkaXNwbGF5JTNBbm9uZSUzQiU3RCUwQSUwQSUwQS5tb2JpbGUtcGFkZGluZy1pbWctMyU3QiUwQSUyMCUyMCUyMCUyMCUyMCUyMCUyMCUyMGJhY2tncm91bmQtaW1hZ2UlM0ElMjB1cmwlMjglMjJodHRwcyUzQSUyRiUyRnd3dy5sYWNhc2VsbGFtb250YWxjaW5vLmNvbSUyRndwLWNvbnRlbnQlMkZ1cGxvYWRzJTJGMjAyMyUyRjExJTJGRFNDMjM1N193ZWIuanBnJTIyJTI5JTIwJTIxaW1wb3J0YW50JTNCJTBBYmFja2dyb3VuZC1zaXplJTNBY292ZXIlM0IlMEElMjAlMjAlMjAlMjAlN0QlMEEuaW1nLWhvbWUtMyU3QiUwQWRpc3BsYXklM0Fub25lJTNCJTdEJTBBJTdEJTBBJTNDJTJGc3R5bGUlM0U=[\/vc_raw_html][\/vc_column][\/vc_row]<\/p>\n<\/section>","protected":false},"excerpt":{"rendered":"<p>[vc_row full_width=&#8220;stretch_row&#8220; css=&#8220;.vc_custom_1716394404463{background-color: #f1f1f1 !important;}&#8220;][vc_column][vc_empty_space height=&#8220;15px&#8220;][vc_row_inner equal_height=&#8220;yes&#8220; content_placement=&#8220;middle&#8220; css=&#8220;.vc_custom_1716797065950{background-color: #ffffff !important;}&#8220; el_class=&#8220;swap-on-mobile&#8220;][vc_column_inner el_class=&#8220;mobile-padding-img-1&#8243; width=&#8220;1\/2&#8243; css=&#8220;.vc_custom_1716901174584{margin-top: 0px !important;margin-bottom: 0px !important;padding-top: 0px !important;padding-right: 0px !important;padding-bottom: 0px !important;padding-left: 0px !important;}&#8220;][vc_single_image image=&#8220;4363&#8243; img_size=&#8220;full&#8220; alignment=&#8220;center&#8220; css=&#8220;.vc_custom_1716884417838{margin-top: 0px !important;margin-right: 0px !important;margin-bottom: 0px !important;margin-left: 0px !important;padding-top: 0px !important;padding-right: 0px !important;padding-bottom: 0px !important;padding-left: 0px !important;}&#8220; el_class=&#8220;img-home-1&#8243;][\/vc_column_inner][vc_column_inner el_class=&#8220;margini-laterali&#8220; width=&#8220;1\/2&#8243; css=&#8220;.vc_custom_1717515947932{padding-top: 11px !important;padding-right: 20px !important;padding-bottom:<br class=\"read-more-spacer\"> <a class=\"more-link\" href=\"https:\/\/www.lacasellamontalcino.com\/de\/produkte\/\">Read More<\/a><\/p>\n","protected":false},"author":1,"featured_media":5703,"parent":0,"menu_order":0,"comment_status":"closed","ping_status":"closed","template":"","meta":{"footnotes":""},"acf":[],"_links":{"self":[{"href":"https:\/\/www.lacasellamontalcino.com\/de\/wp-json\/wp\/v2\/pages\/6511"}],"collection":[{"href":"https:\/\/www.lacasellamontalcino.com\/de\/wp-json\/wp\/v2\/pages"}],"about":[{"href":"https:\/\/www.lacasellamontalcino.com\/de\/wp-json\/wp\/v2\/types\/page"}],"author":[{"embeddable":true,"href":"https:\/\/www.lacasellamontalcino.com\/de\/wp-json\/wp\/v2\/users\/1"}],"replies":[{"embeddable":true,"href":"https:\/\/www.lacasellamontalcino.com\/de\/wp-json\/wp\/v2\/comments?post=6511"}],"version-history":[{"count":8,"href":"https:\/\/www.lacasellamontalcino.com\/de\/wp-json\/wp\/v2\/pages\/6511\/revisions"}],"predecessor-version":[{"id":6715,"href":"https:\/\/www.lacasellamontalcino.com\/de\/wp-json\/wp\/v2\/pages\/6511\/revisions\/6715"}],"wp:featuredmedia":[{"embeddable":true,"href":"https:\/\/www.lacasellamontalcino.com\/de\/wp-json\/wp\/v2\/media\/5703"}],"wp:attachment":[{"href":"https:\/\/www.lacasellamontalcino.com\/de\/wp-json\/wp\/v2\/media?parent=6511"}],"curies":[{"name":"wp","href":"https:\/\/api.w.org\/{rel}","templated":true}]}}