{"id":2815,"date":"2016-11-30T12:27:50","date_gmt":"2016-11-30T11:27:50","guid":{"rendered":"https:\/\/www.lacasellamontalcino.com\/homepage-2\/"},"modified":"2024-06-06T12:58:06","modified_gmt":"2024-06-06T10:58:06","slug":"homepage-2","status":"publish","type":"page","link":"https:\/\/www.lacasellamontalcino.com\/de\/","title":{"rendered":"Homepage"},"content":{"rendered":"<section class=\"wpb-content-wrapper\"><p>[vc_row full_width=&#8220;stretch_row&#8220; css=&#8220;.vc_custom_1716452594202{margin-top: -100px !important;background-color: #f1f1f1 !important;}&#8220;][vc_column css=&#8220;.vc_custom_1698765824924{background-color: #f1f1f1 !important;}&#8220;][vc_empty_space height=&#8220;15px&#8220;][vc_row_inner equal_height=&#8220;yes&#8220; content_placement=&#8220;middle&#8220; css=&#8220;.vc_custom_1716452678672{background-color: #ffffff !important;}&#8220;][vc_column_inner el_class=&#8220;mobile-padding-img-1&#8243; width=&#8220;1\/2&#8243; css=&#8220;.vc_custom_1716374309385{padding-top: 0px !important;padding-right: 0px !important;padding-bottom: 0px !important;padding-left: 0px !important;background-position: center !important;background-repeat: no-repeat !important;background-size: cover !important;}&#8220;][vc_single_image image=&#8220;5631&#8243; img_size=&#8220;full&#8220; alignment=&#8220;center&#8220; css=&#8220;.vc_custom_1716374398156{margin-top: 0px !important;margin-right: 0px !important;margin-bottom: 0px !important;margin-left: 0px !important;padding-top: 0px !important;padding-right: 0px !important;padding-bottom: 0px !important;padding-left: 0px !important;}&#8220; el_class=&#8220;img-home-1&#8243;][\/vc_column_inner][vc_column_inner width=&#8220;1\/2&#8243; css=&#8220;.vc_custom_1716375118925{padding-top: 50px !important;padding-right: 10px !important;padding-bottom: 30px !important;padding-left: 10px !important;background-color: rgba(255,255,255,0.01) !important;*background-color: rgb(255,255,255) !important;}&#8220;]\n\t<div class=\"title-subtitle-box   \" style=\" text-align: center;\">\n\t\t<h2 style=\" font-style: normal; text-transform: uppercase; font-weight: 600; letter-spacing: 0px;\" >UNSERE PHILOSOPHIE<\/h2>\n\t<\/div> [vc_column_text css=&#8220;.vc_custom_1716545355918{margin-right: 20px !important;margin-left: 20px !important;}&#8220;]<\/p>\n<p style=\"text-align: center;\">Hier im \u201ePodere La Casella\u201c in Montalcino bieten wir nicht nur einen Zufluchtsort vor der Hektik des Alltags, sondern teilen mit Ihnen auch ein St\u00fcck unserer traditionellen und vertrauten Welt. Seit Generationen ist unsere Familie auf diesem Land pr\u00e4sent, das uns weiterhin mit landwirtschaftlichen K\u00f6stlichkeiten versorgt.<\/p>\n<p style=\"text-align: center;\">Jedes L\u00e4cheln, jedes Gericht und jeder hier verbrachte Moment spiegelt unsere Leidenschaft f\u00fcr Gastfreundschaft und Liebe zur Natur wider und vermittelt dem Besucher den ganzen Charme des Landlebens und die Herzlichkeit eines echten Willkommens.<\/p>\n<p>[\/vc_column_text][vc_btn title=&#8220;WER WIR SIND&#8220; style=&#8220;flat&#8220; shape=&#8220;square&#8220; color=&#8220;black&#8220; size=&#8220;sm&#8220; align=&#8220;center&#8220; link=&#8220;url:https%3A%2F%2Fwww.lacasellamontalcino.com%2Fde%2Fueber-uns%2F|title:WER%20WIR%20SIND&#8220; css=&#8220;.vc_custom_1716545373775{margin-bottom: 15% !important;}&#8220;][\/vc_column_inner][\/vc_row_inner][vc_row_inner equal_height=&#8220;yes&#8220; content_placement=&#8220;middle&#8220; el_class=&#8220;swap-on-mobile&#8220; css=&#8220;.vc_custom_1716452685192{background-color: #ffffff !important;}&#8220;][vc_column_inner width=&#8220;1\/2&#8243; css=&#8220;.vc_custom_1716375178719{padding-top: 50px !important;padding-right: 10px !important;padding-bottom: 30px !important;padding-left: 10px !important;background-color: rgba(255,255,255,0.01) !important;*background-color: rgb(255,255,255) !important;}&#8220;]\n\t<div class=\"title-subtitle-box  vc_custom_1716545381336 \" style=\" text-align: center;\">\n\t\t<h2 style=\" font-style: normal; text-transform: uppercase; font-weight: 600; letter-spacing: 0px;\" >AGRITOURISMUS<\/h2>\n\t<\/div> [vc_column_text css=&#8220;.vc_custom_1716545391502{margin-right: 20px !important;margin-left: 20px !important;}&#8220;]<\/p>\n<p style=\"text-align: center;\">Der \u201ePodere La Casella\u201c liegt auf einem H\u00fcgel in Montalcino, umrahmt von Weinbergen mit Brunello auf der einen Seite und einem atemberaubenden Blick auf das Val d&#8217;Orcia auf der anderen Seite. Das Panorama scheint direkt von einer Postkarte zu stammen. Dieser Ort ist ein strategischer Ausgangspunkt, um das Tal zu erkunden und sein k\u00fcnstlerisches, architektonisches und historisches Erbe zu entdecken.<\/p>\n<p>[\/vc_column_text][vc_btn title=&#8220;UNSERE UNTERK\u00dcNFTE&#8220; style=&#8220;flat&#8220; shape=&#8220;square&#8220; color=&#8220;black&#8220; size=&#8220;sm&#8220; align=&#8220;center&#8220; link=&#8220;url:https%3A%2F%2Fwww.lacasellamontalcino.com%2Fde%2Fwohnungen-zimmer%2F|title:UNSERE%20UNTERK%C3%9CNFTE&#8220; css=&#8220;.vc_custom_1716545411079{margin-bottom: 15% !important;}&#8220;][\/vc_column_inner][vc_column_inner el_class=&#8220;mobile-padding-img-2&#8243; width=&#8220;1\/2&#8243; css=&#8220;.vc_custom_1716374541004{padding-top: 0px !important;padding-right: 0px !important;padding-bottom: 0px !important;padding-left: 0px !important;background-color: #ffffff !important;}&#8220;][vc_single_image image=&#8220;4329&#8243; img_size=&#8220;full&#8220; alignment=&#8220;center&#8220; css=&#8220;.vc_custom_1716374548348{margin-bottom: 0px !important;}&#8220; el_class=&#8220;img-home-2&#8243;][\/vc_column_inner][\/vc_row_inner][vc_row_inner equal_height=&#8220;yes&#8220; content_placement=&#8220;middle&#8220; css=&#8220;.vc_custom_1716452692273{background-color: #ffffff !important;}&#8220;][vc_column_inner el_class=&#8220;mobile-padding-img-3&#8243; width=&#8220;1\/2&#8243; css=&#8220;.vc_custom_1716374597331{padding-top: 0px !important;padding-right: 0px !important;padding-bottom: 0px !important;padding-left: 0px !important;}&#8220;][vc_single_image image=&#8220;5639&#8243; img_size=&#8220;full&#8220; alignment=&#8220;center&#8220; css=&#8220;.vc_custom_1716452062104{margin-bottom: 0px !important;}&#8220; el_class=&#8220;img-home-3&#8243;][\/vc_column_inner][vc_column_inner width=&#8220;1\/2&#8243; css=&#8220;.vc_custom_1716375198453{padding-top: 50px !important;background-color: rgba(255,255,255,0.01) !important;*background-color: rgb(255,255,255) !important;}&#8220;]\n\t<div class=\"title-subtitle-box   \" style=\" text-align: center;\">\n\t\t<h2 style=\" font-style: normal; text-transform: uppercase; font-weight: 600; letter-spacing: 0px;\" >PRODUKTE<\/h2>\n\t<\/div> [vc_column_text css=&#8220;.vc_custom_1716545429248{margin-right: 20px !important;margin-left: 20px !important;}&#8220;]<\/p>\n<p style=\"text-align: center;\">Die uns umgebende Natur ist unser bester Verb\u00fcndeter. Wir glauben fest an eine biologische und nachhaltige Landwirtschaft, die die Auswirkungen auf die Umwelt reduziert und die Qualit\u00e4t unserer Produkte verbessert. Dank der gesunden B\u00f6den und der f\u00fcr die H\u00fcgellandschaft von Montalcino charakteristischen Artenvielfalt hat die Produktion ein reicheres N\u00e4hrwertprofil.<\/p>\n<p>[\/vc_column_text][vc_btn title=&#8220;PRODUKTE&#8220; style=&#8220;flat&#8220; shape=&#8220;square&#8220; color=&#8220;black&#8220; size=&#8220;sm&#8220; align=&#8220;center&#8220; link=&#8220;url:https%3A%2F%2Fwww.lacasellamontalcino.com%2Fde%2Fprodukte%2F|title:PRODUKTE&#8220; css=&#8220;.vc_custom_1716545445120{margin-bottom: 15% !important;}&#8220;][\/vc_column_inner][\/vc_row_inner][vc_row_inner][vc_column_inner][vc_raw_html]JTNDc3R5bGUlM0UlMEElNDBtZWRpYSUyMHNjcmVlbiUyMGFuZCUyMCUyOG1pbi13aWR0aCUzQSUyMDc2OHB4JTI5JTIwYW5kJTIwJTI4bWF4LXdpZHRoJTNBJTIwOTkxcHglMjklMjAlN0IlMEElMjAlMjAlMjAlMjAubW9iaWxlLXBhZGRpbmctaW1nLTElN0IlMEElMjAlMjAlMjAlMjAlMjAlMjAlMjAlMjBiYWNrZ3JvdW5kLWltYWdlJTNBJTIwdXJsJTI4JTIyaHR0cHMlM0ElMkYlMkZ3d3cubGFjYXNlbGxhbW9udGFsY2luby5jb20lMkZ3cC1jb250ZW50JTJGdXBsb2FkcyUyRjIwMjQlMkYwMyUyRkRTQzMxNjAtNzY4eDg0MS5qcGclMjIlMjklMjAlMjFpbXBvcnRhbnQlM0IlMEFiYWNrZ3JvdW5kLXNpemUlM0Fjb3ZlciUzQiUwQSUyMCUyMCUyMCUyMCU3RCUwQS5pbWctaG9tZS0xJTdCJTBBZGlzcGxheSUzQW5vbmUlM0IlN0QlMEElMEElMjAlMjAlMjAlMjAubW9iaWxlLXBhZGRpbmctaW1nLTIlN0IlMEElMjAlMjAlMjAlMjAlMjAlMjAlMjAlMjBiYWNrZ3JvdW5kLWltYWdlJTNBJTIwdXJsJTI4JTIyaHR0cHMlM0ElMkYlMkZ3d3cubGFjYXNlbGxhbW9udGFsY2luby5jb20lMkZ3cC1jb250ZW50JTJGdXBsb2FkcyUyRjIwMjMlMkYxMSUyRjBDMUMwNDEwX3dlYi0xLmpwZyUyMiUyOSUyMCUyMWltcG9ydGFudCUzQiUwQWJhY2tncm91bmQtc2l6ZSUzQWNvdmVyJTNCJTBBJTIwJTIwJTIwJTIwJTdEJTBBLmltZy1ob21lLTIlN0IlMEFkaXNwbGF5JTNBbm9uZSUzQiU3RCUwQSUwQSUwQS5tb2JpbGUtcGFkZGluZy1pbWctMyU3QiUwQSUyMCUyMCUyMCUyMCUyMCUyMCUyMCUyMGJhY2tncm91bmQtaW1hZ2UlM0ElMjB1cmwlMjglMjJodHRwcyUzQSUyRiUyRnd3dy5sYWNhc2VsbGFtb250YWxjaW5vLmNvbSUyRndwLWNvbnRlbnQlMkZ1cGxvYWRzJTJGMjAyNCUyRjAxJTJGZmlvcmUtZGktemFmZmVyYW5vX3dlYi0xLmpwZyUyMiUyOSUyMCUyMWltcG9ydGFudCUzQiUwQWJhY2tncm91bmQtc2l6ZSUzQWNvdmVyJTNCJTBBJTIwJTIwJTIwJTIwJTdEJTBBLmltZy1ob21lLTMlN0IlMEFkaXNwbGF5JTNBbm9uZSUzQiU3RCUwQSU3RCUwQSUzQyUyRnN0eWxlJTNF[\/vc_raw_html][\/vc_column_inner][\/vc_row_inner][\/vc_column][\/vc_row]<\/p>\n<\/section>","protected":false},"excerpt":{"rendered":"<p>[vc_row full_width=&#8220;stretch_row&#8220; css=&#8220;.vc_custom_1716452594202{margin-top: -100px !important;background-color: #f1f1f1 !important;}&#8220;][vc_column css=&#8220;.vc_custom_1698765824924{background-color: #f1f1f1 !important;}&#8220;][vc_empty_space height=&#8220;15px&#8220;][vc_row_inner equal_height=&#8220;yes&#8220; content_placement=&#8220;middle&#8220; css=&#8220;.vc_custom_1716452678672{background-color: #ffffff !important;}&#8220;][vc_column_inner el_class=&#8220;mobile-padding-img-1&#8243; width=&#8220;1\/2&#8243; css=&#8220;.vc_custom_1716374309385{padding-top: 0px !important;padding-right: 0px !important;padding-bottom: 0px !important;padding-left: 0px !important;background-position: center !important;background-repeat: no-repeat !important;background-size: cover !important;}&#8220;][vc_single_image image=&#8220;5631&#8243; img_size=&#8220;full&#8220; alignment=&#8220;center&#8220; css=&#8220;.vc_custom_1716374398156{margin-top: 0px !important;margin-right: 0px !important;margin-bottom: 0px !important;margin-left: 0px !important;padding-top: 0px !important;padding-right: 0px !important;padding-bottom: 0px !important;padding-left: 0px !important;}&#8220; el_class=&#8220;img-home-1&#8243;][\/vc_column_inner][vc_column_inner width=&#8220;1\/2&#8243;<br class=\"read-more-spacer\"> <a class=\"more-link\" href=\"https:\/\/www.lacasellamontalcino.com\/de\/\">Read More<\/a><\/p>\n","protected":false},"author":1,"featured_media":0,"parent":0,"menu_order":0,"comment_status":"closed","ping_status":"closed","template":"","meta":{"footnotes":""},"acf":[],"_links":{"self":[{"href":"https:\/\/www.lacasellamontalcino.com\/de\/wp-json\/wp\/v2\/pages\/2815"}],"collection":[{"href":"https:\/\/www.lacasellamontalcino.com\/de\/wp-json\/wp\/v2\/pages"}],"about":[{"href":"https:\/\/www.lacasellamontalcino.com\/de\/wp-json\/wp\/v2\/types\/page"}],"author":[{"embeddable":true,"href":"https:\/\/www.lacasellamontalcino.com\/de\/wp-json\/wp\/v2\/users\/1"}],"replies":[{"embeddable":true,"href":"https:\/\/www.lacasellamontalcino.com\/de\/wp-json\/wp\/v2\/comments?post=2815"}],"version-history":[{"count":19,"href":"https:\/\/www.lacasellamontalcino.com\/de\/wp-json\/wp\/v2\/pages\/2815\/revisions"}],"predecessor-version":[{"id":6710,"href":"https:\/\/www.lacasellamontalcino.com\/de\/wp-json\/wp\/v2\/pages\/2815\/revisions\/6710"}],"wp:attachment":[{"href":"https:\/\/www.lacasellamontalcino.com\/de\/wp-json\/wp\/v2\/media?parent=2815"}],"curies":[{"name":"wp","href":"https:\/\/api.w.org\/{rel}","templated":true}]}}